{"id":4303,"date":"2025-01-15T21:34:12","date_gmt":"2025-01-15T20:34:12","guid":{"rendered":"https:\/\/group.testwp.staging.v2.myproman.com\/?page_id=4303"},"modified":"2025-05-08T14:35:02","modified_gmt":"2025-05-08T12:35:02","slug":"join-us","status":"publish","type":"page","link":"https:\/\/www.proman.group\/en\/join-us\/","title":{"rendered":"Join us"},"content":{"rendered":"","protected":false},"excerpt":{"rendered":"","protected":false},"author":1,"featured_media":0,"parent":0,"menu_order":0,"comment_status":"closed","ping_status":"closed","template":"","meta":{"_acf_changed":false,"inline_featured_image":false,"footnotes":""},"class_list":["post-4303","page","type-page","status-publish","hentry"],"acf":[],"yoast_head":"<!-- This site is optimized with the Yoast SEO plugin v26.6-RC4 - https:\/\/yoast.com\/wordpress\/plugins\/seo\/ -->\n<title>PROMAN Group - Join us<\/title>\n<meta name=\"description\" content=\"Want to join a dynamic and growing international group? Explore career opportunities with the PROMAN Group.\" \/>\n<meta name=\"robots\" content=\"index, follow, max-snippet:-1, max-image-preview:large, max-video-preview:-1\" \/>\n<link rel=\"canonical\" href=\"https:\/\/www.proman.group\/en\/join-us\/\" \/>\n<meta property=\"og:locale\" content=\"en_US\" \/>\n<meta property=\"og:type\" content=\"article\" \/>\n<meta property=\"og:title\" content=\"PROMAN Group - Join us\" \/>\n<meta property=\"og:description\" content=\"Want to join a dynamic and growing international group? Explore career opportunities with the PROMAN Group.\" \/>\n<meta property=\"og:url\" content=\"https:\/\/www.proman.group\/en\/join-us\/\" \/>\n<meta property=\"og:site_name\" content=\"PROMAN Group\" \/>\n<meta property=\"article:modified_time\" content=\"2025-05-08T12:35:02+00:00\" \/>\n<meta name=\"twitter:card\" content=\"summary_large_image\" \/>\n<script type=\"application\/ld+json\" class=\"yoast-schema-graph\">{\"@context\":\"https:\/\/schema.org\",\"@graph\":[{\"@type\":\"WebPage\",\"@id\":\"https:\/\/www.proman.group\/en\/join-us\/\",\"url\":\"https:\/\/www.proman.group\/en\/join-us\/\",\"name\":\"PROMAN Group - Join us\",\"isPartOf\":{\"@id\":\"https:\/\/www.proman.group\/#website\"},\"datePublished\":\"2025-01-15T20:34:12+00:00\",\"dateModified\":\"2025-05-08T12:35:02+00:00\",\"description\":\"Want to join a dynamic and growing international group? Explore career opportunities with the PROMAN Group.\",\"breadcrumb\":{\"@id\":\"https:\/\/www.proman.group\/en\/join-us\/#breadcrumb\"},\"inLanguage\":\"en-US\",\"potentialAction\":[{\"@type\":\"ReadAction\",\"target\":[\"https:\/\/www.proman.group\/en\/join-us\/\"]}]},{\"@type\":\"BreadcrumbList\",\"@id\":\"https:\/\/www.proman.group\/en\/join-us\/#breadcrumb\",\"itemListElement\":[{\"@type\":\"ListItem\",\"position\":1,\"name\":\"Home\",\"item\":\"https:\/\/www.proman.group\/en\/\"},{\"@type\":\"ListItem\",\"position\":2,\"name\":\"Join us\"}]},{\"@type\":\"WebSite\",\"@id\":\"https:\/\/www.proman.group\/#website\",\"url\":\"https:\/\/www.proman.group\/\",\"name\":\"PROMAN Group\",\"description\":\"4\u00e8me acteur europ\u00e9en sur le march\u00e9 du travail temporaire et des ressources humaines\",\"potentialAction\":[{\"@type\":\"SearchAction\",\"target\":{\"@type\":\"EntryPoint\",\"urlTemplate\":\"https:\/\/www.proman.group\/?s={search_term_string}\"},\"query-input\":{\"@type\":\"PropertyValueSpecification\",\"valueRequired\":true,\"valueName\":\"search_term_string\"}}],\"inLanguage\":\"en-US\"}]}<\/script>\n<!-- \/ Yoast SEO plugin. -->","yoast_head_json":{"title":"PROMAN Group - Join us","description":"Want to join a dynamic and growing international group? Explore career opportunities with the PROMAN Group.","robots":{"index":"index","follow":"follow","max-snippet":"max-snippet:-1","max-image-preview":"max-image-preview:large","max-video-preview":"max-video-preview:-1"},"canonical":"https:\/\/www.proman.group\/en\/join-us\/","og_locale":"en_US","og_type":"article","og_title":"PROMAN Group - Join us","og_description":"Want to join a dynamic and growing international group? Explore career opportunities with the PROMAN Group.","og_url":"https:\/\/www.proman.group\/en\/join-us\/","og_site_name":"PROMAN Group","article_modified_time":"2025-05-08T12:35:02+00:00","twitter_card":"summary_large_image","schema":{"@context":"https:\/\/schema.org","@graph":[{"@type":"WebPage","@id":"https:\/\/www.proman.group\/en\/join-us\/","url":"https:\/\/www.proman.group\/en\/join-us\/","name":"PROMAN Group - Join us","isPartOf":{"@id":"https:\/\/www.proman.group\/#website"},"datePublished":"2025-01-15T20:34:12+00:00","dateModified":"2025-05-08T12:35:02+00:00","description":"Want to join a dynamic and growing international group? Explore career opportunities with the PROMAN Group.","breadcrumb":{"@id":"https:\/\/www.proman.group\/en\/join-us\/#breadcrumb"},"inLanguage":"en-US","potentialAction":[{"@type":"ReadAction","target":["https:\/\/www.proman.group\/en\/join-us\/"]}]},{"@type":"BreadcrumbList","@id":"https:\/\/www.proman.group\/en\/join-us\/#breadcrumb","itemListElement":[{"@type":"ListItem","position":1,"name":"Home","item":"https:\/\/www.proman.group\/en\/"},{"@type":"ListItem","position":2,"name":"Join us"}]},{"@type":"WebSite","@id":"https:\/\/www.proman.group\/#website","url":"https:\/\/www.proman.group\/","name":"PROMAN Group","description":"4\u00e8me acteur europ\u00e9en sur le march\u00e9 du travail temporaire et des ressources humaines","potentialAction":[{"@type":"SearchAction","target":{"@type":"EntryPoint","urlTemplate":"https:\/\/www.proman.group\/?s={search_term_string}"},"query-input":{"@type":"PropertyValueSpecification","valueRequired":true,"valueName":"search_term_string"}}],"inLanguage":"en-US"}]}},"_links":{"self":[{"href":"https:\/\/www.proman.group\/en\/wp-json\/wp\/v2\/pages\/4303","targetHints":{"allow":["GET"]}}],"collection":[{"href":"https:\/\/www.proman.group\/en\/wp-json\/wp\/v2\/pages"}],"about":[{"href":"https:\/\/www.proman.group\/en\/wp-json\/wp\/v2\/types\/page"}],"author":[{"embeddable":true,"href":"https:\/\/www.proman.group\/en\/wp-json\/wp\/v2\/users\/1"}],"replies":[{"embeddable":true,"href":"https:\/\/www.proman.group\/en\/wp-json\/wp\/v2\/comments?post=4303"}],"version-history":[{"count":9,"href":"https:\/\/www.proman.group\/en\/wp-json\/wp\/v2\/pages\/4303\/revisions"}],"predecessor-version":[{"id":5039,"href":"https:\/\/www.proman.group\/en\/wp-json\/wp\/v2\/pages\/4303\/revisions\/5039"}],"wp:attachment":[{"href":"https:\/\/www.proman.group\/en\/wp-json\/wp\/v2\/media?parent=4303"}],"curies":[{"name":"wp","href":"https:\/\/api.w.org\/{rel}","templated":true}]}}