{"id":4255,"date":"2024-06-18T13:24:59","date_gmt":"2024-06-18T11:24:59","guid":{"rendered":"https:\/\/group.testwp.staging.v2.myproman.com\/?page_id=4255"},"modified":"2025-05-08T11:16:19","modified_gmt":"2025-05-08T09:16:19","slug":"home","status":"publish","type":"page","link":"https:\/\/www.proman.group\/en\/","title":{"rendered":"Home"},"content":{"rendered":"","protected":false},"excerpt":{"rendered":"","protected":false},"author":1,"featured_media":0,"parent":0,"menu_order":0,"comment_status":"closed","ping_status":"closed","template":"","meta":{"_acf_changed":false,"inline_featured_image":false,"footnotes":""},"class_list":["post-4255","page","type-page","status-publish","hentry"],"acf":[],"yoast_head":"<!-- This site is optimized with the Yoast SEO plugin v27.6-RC7 - https:\/\/yoast.com\/product\/yoast-seo-wordpress\/ -->\n<title>PROMAN Group - Temporary staffing, recruitment and HR solutions<\/title>\n<meta name=\"description\" content=\"As the 4th largest HR and temp staffing company in Europe, PROMAN supports your recruitment needs with tailored solutions in 18 countries.\" \/>\n<meta name=\"robots\" content=\"index, follow, max-snippet:-1, max-image-preview:large, max-video-preview:-1\" \/>\n<link rel=\"canonical\" href=\"https:\/\/www.proman.group\/en\/\" \/>\n<meta property=\"og:locale\" content=\"en_US\" \/>\n<meta property=\"og:type\" content=\"article\" \/>\n<meta property=\"og:title\" content=\"PROMAN Group - Temporary staffing, recruitment and HR solutions\" \/>\n<meta property=\"og:description\" content=\"As the 4th largest HR and temp staffing company in Europe, PROMAN supports your recruitment needs with tailored solutions in 18 countries.\" \/>\n<meta property=\"og:url\" content=\"https:\/\/www.proman.group\/en\/\" \/>\n<meta property=\"og:site_name\" content=\"PROMAN Group\" \/>\n<meta property=\"article:modified_time\" content=\"2025-05-08T09:16:19+00:00\" \/>\n<meta name=\"twitter:card\" content=\"summary_large_image\" \/>\n<script type=\"application\/ld+json\" class=\"yoast-schema-graph\">{\"@context\":\"https:\\\/\\\/schema.org\",\"@graph\":[{\"@type\":\"WebPage\",\"@id\":\"https:\\\/\\\/www.proman.group\\\/en\\\/\",\"url\":\"https:\\\/\\\/www.proman.group\\\/en\\\/\",\"name\":\"PROMAN Group - Temporary staffing, recruitment and HR solutions\",\"isPartOf\":{\"@id\":\"https:\\\/\\\/www.proman.group\\\/#website\"},\"datePublished\":\"2024-06-18T11:24:59+00:00\",\"dateModified\":\"2025-05-08T09:16:19+00:00\",\"description\":\"As the 4th largest HR and temp staffing company in Europe, PROMAN supports your recruitment needs with tailored solutions in 18 countries.\",\"breadcrumb\":{\"@id\":\"https:\\\/\\\/www.proman.group\\\/en\\\/#breadcrumb\"},\"inLanguage\":\"en-US\",\"potentialAction\":[{\"@type\":\"ReadAction\",\"target\":[\"https:\\\/\\\/www.proman.group\\\/en\\\/\"]}]},{\"@type\":\"BreadcrumbList\",\"@id\":\"https:\\\/\\\/www.proman.group\\\/en\\\/#breadcrumb\",\"itemListElement\":[{\"@type\":\"ListItem\",\"position\":1,\"name\":\"Home\",\"item\":\"https:\\\/\\\/www.proman.group\\\/en\\\/\"},{\"@type\":\"ListItem\",\"position\":2,\"name\":\"Home\"}]},{\"@type\":\"WebSite\",\"@id\":\"https:\\\/\\\/www.proman.group\\\/#website\",\"url\":\"https:\\\/\\\/www.proman.group\\\/\",\"name\":\"PROMAN Group\",\"description\":\"4\u00e8me acteur europ\u00e9en sur le march\u00e9 du travail temporaire et des ressources humaines\",\"potentialAction\":[{\"@type\":\"SearchAction\",\"target\":{\"@type\":\"EntryPoint\",\"urlTemplate\":\"https:\\\/\\\/www.proman.group\\\/?s={search_term_string}\"},\"query-input\":{\"@type\":\"PropertyValueSpecification\",\"valueRequired\":true,\"valueName\":\"search_term_string\"}}],\"inLanguage\":\"en-US\"}]}<\/script>\n<!-- \/ Yoast SEO plugin. -->","yoast_head_json":{"title":"PROMAN Group - Temporary staffing, recruitment and HR solutions","description":"As the 4th largest HR and temp staffing company in Europe, PROMAN supports your recruitment needs with tailored solutions in 18 countries.","robots":{"index":"index","follow":"follow","max-snippet":"max-snippet:-1","max-image-preview":"max-image-preview:large","max-video-preview":"max-video-preview:-1"},"canonical":"https:\/\/www.proman.group\/en\/","og_locale":"en_US","og_type":"article","og_title":"PROMAN Group - Temporary staffing, recruitment and HR solutions","og_description":"As the 4th largest HR and temp staffing company in Europe, PROMAN supports your recruitment needs with tailored solutions in 18 countries.","og_url":"https:\/\/www.proman.group\/en\/","og_site_name":"PROMAN Group","article_modified_time":"2025-05-08T09:16:19+00:00","twitter_card":"summary_large_image","schema":{"@context":"https:\/\/schema.org","@graph":[{"@type":"WebPage","@id":"https:\/\/www.proman.group\/en\/","url":"https:\/\/www.proman.group\/en\/","name":"PROMAN Group - Temporary staffing, recruitment and HR solutions","isPartOf":{"@id":"https:\/\/www.proman.group\/#website"},"datePublished":"2024-06-18T11:24:59+00:00","dateModified":"2025-05-08T09:16:19+00:00","description":"As the 4th largest HR and temp staffing company in Europe, PROMAN supports your recruitment needs with tailored solutions in 18 countries.","breadcrumb":{"@id":"https:\/\/www.proman.group\/en\/#breadcrumb"},"inLanguage":"en-US","potentialAction":[{"@type":"ReadAction","target":["https:\/\/www.proman.group\/en\/"]}]},{"@type":"BreadcrumbList","@id":"https:\/\/www.proman.group\/en\/#breadcrumb","itemListElement":[{"@type":"ListItem","position":1,"name":"Home","item":"https:\/\/www.proman.group\/en\/"},{"@type":"ListItem","position":2,"name":"Home"}]},{"@type":"WebSite","@id":"https:\/\/www.proman.group\/#website","url":"https:\/\/www.proman.group\/","name":"PROMAN Group","description":"4\u00e8me acteur europ\u00e9en sur le march\u00e9 du travail temporaire et des ressources humaines","potentialAction":[{"@type":"SearchAction","target":{"@type":"EntryPoint","urlTemplate":"https:\/\/www.proman.group\/?s={search_term_string}"},"query-input":{"@type":"PropertyValueSpecification","valueRequired":true,"valueName":"search_term_string"}}],"inLanguage":"en-US"}]}},"_links":{"self":[{"href":"https:\/\/www.proman.group\/en\/wp-json\/wp\/v2\/pages\/4255","targetHints":{"allow":["GET"]}}],"collection":[{"href":"https:\/\/www.proman.group\/en\/wp-json\/wp\/v2\/pages"}],"about":[{"href":"https:\/\/www.proman.group\/en\/wp-json\/wp\/v2\/types\/page"}],"author":[{"embeddable":true,"href":"https:\/\/www.proman.group\/en\/wp-json\/wp\/v2\/users\/1"}],"replies":[{"embeddable":true,"href":"https:\/\/www.proman.group\/en\/wp-json\/wp\/v2\/comments?post=4255"}],"version-history":[{"count":25,"href":"https:\/\/www.proman.group\/en\/wp-json\/wp\/v2\/pages\/4255\/revisions"}],"predecessor-version":[{"id":5037,"href":"https:\/\/www.proman.group\/en\/wp-json\/wp\/v2\/pages\/4255\/revisions\/5037"}],"wp:attachment":[{"href":"https:\/\/www.proman.group\/en\/wp-json\/wp\/v2\/media?parent=4255"}],"curies":[{"name":"wp","href":"https:\/\/api.w.org\/{rel}","templated":true}]}}